{"id":92,"date":"2009-06-03T17:23:44","date_gmt":"2009-06-03T15:23:44","guid":{"rendered":"http:\/\/www.frank-gerber.com\/homepage\/?page_id=92"},"modified":"2017-05-02T18:24:55","modified_gmt":"2017-05-02T16:24:55","slug":"mein-weg-my-way","status":"publish","type":"page","link":"https:\/\/www.frank-gerber.com\/homepage\/songtexte\/mein-weg-my-way\/","title":{"rendered":"Mein Weg (My Way)"},"content":{"rendered":"<p>Man steht so an der Bar &#8211;<br \/>\nWill dir eben<br \/>\n\u00b4nen Drink spendieren.<br \/>\nPl\u00f6tzlich sieht man ganz klar:<br \/>\nL\u00e4sst sein Leben<br \/>\nRevue passieren.<\/p>\n<p>Nein, ich bereue nichts.<br \/>\nNach El Dorado &#8211;<br \/>\ndahin f\u00fchrt ein Weg.<br \/>\nIch sagte selbst, wo&#8217;s lang geht.<br \/>\nJa, das war mein Weg.<\/p>\n<p>Ich war nun mal extrem.<br \/>\nBenahm mich auch vielleicht daneben.<br \/>\nWo ist denn das Problem?<br \/>\nUnd au\u00dferdem<br \/>\nwar es mein Leben!<\/p>\n<p>Ich hab&#8216; Scheisse gebaut.<br \/>\nIch bin es selbst,<br \/>\nden ich oft reinleg&#8216;.<br \/>\nHab&#8217;s tausendmal versaut.<br \/>\nJa, das war mein Weg.<\/p>\n<p>Das Leben war f\u00fcr mich \u00b4n Spiel.<br \/>\nIch hatte oft \u00b4nen Drink zuviel.<br \/>\nIch hab&#8216; getrickst, ich hab&#8216; gedealt,<br \/>\nim Casino in Vegas alles verspielt.<br \/>\nWar kalt, war hart,<br \/>\nbis zum Neustart.<br \/>\nJa, das war mein Weg.<\/p>\n<p>Und pl\u00f6tzlich wird mir klar,<br \/>\nw\u00e4hrend wir zwei<br \/>\nuns hier besaufen.<br \/>\n\u00b4n and&#8217;rer Weg war da.<br \/>\nH\u00e4tt&#8217;s der gebracht,<br \/>\nwie w\u00e4r&#8217;s gelaufen?<br \/>\nAuf die ganz coole Tour.<br \/>\nEiner wie ich geht eben sein&#8216; Weg.<br \/>\nH\u00e4ng&#8216; oft neben der Spur.<br \/>\nJa, das war mein Weg.<\/p>\n<p>Wo ist der Mann,<br \/>\nder nie verliert,<br \/>\ndem niemals ein<br \/>\nFehler passiert?<br \/>\nIch steh hier nicht<br \/>\nvor dem Gericht,<br \/>\nwo die Jury<br \/>\ndas Urteil spricht.<br \/>\nTu, was ich muss<br \/>\nund bis zum Schluss.<br \/>\nJa, das war mein Weg.<\/p>\n","protected":false},"excerpt":{"rendered":"<p>Man steht so an der Bar &#8211; Will dir eben \u00b4nen Drink spendieren. Pl\u00f6tzlich sieht man ganz klar: L\u00e4sst sein Leben Revue passieren. Nein, ich bereue nichts. Nach El Dorado &#8211; dahin f\u00fchrt ein Weg. Ich sagte selbst, wo&#8217;s lang geht. Ja, das war mein Weg. Ich war nun mal extrem. Benahm mich auch vielleicht [&hellip;]<\/p>\n","protected":false},"author":1,"featured_media":0,"parent":29,"menu_order":4,"comment_status":"open","ping_status":"open","template":"tmpl_songtexte.php","meta":{"footnotes":""},"class_list":["post-92","page","type-page","status-publish","hentry"],"_links":{"self":[{"href":"https:\/\/www.frank-gerber.com\/homepage\/wp-json\/wp\/v2\/pages\/92","targetHints":{"allow":["GET"]}}],"collection":[{"href":"https:\/\/www.frank-gerber.com\/homepage\/wp-json\/wp\/v2\/pages"}],"about":[{"href":"https:\/\/www.frank-gerber.com\/homepage\/wp-json\/wp\/v2\/types\/page"}],"author":[{"embeddable":true,"href":"https:\/\/www.frank-gerber.com\/homepage\/wp-json\/wp\/v2\/users\/1"}],"replies":[{"embeddable":true,"href":"https:\/\/www.frank-gerber.com\/homepage\/wp-json\/wp\/v2\/comments?post=92"}],"version-history":[{"count":6,"href":"https:\/\/www.frank-gerber.com\/homepage\/wp-json\/wp\/v2\/pages\/92\/revisions"}],"predecessor-version":[{"id":2621,"href":"https:\/\/www.frank-gerber.com\/homepage\/wp-json\/wp\/v2\/pages\/92\/revisions\/2621"}],"up":[{"embeddable":true,"href":"https:\/\/www.frank-gerber.com\/homepage\/wp-json\/wp\/v2\/pages\/29"}],"wp:attachment":[{"href":"https:\/\/www.frank-gerber.com\/homepage\/wp-json\/wp\/v2\/media?parent=92"}],"curies":[{"name":"wp","href":"https:\/\/api.w.org\/{rel}","templated":true}]}}