{"id":76,"date":"2009-06-01T16:18:14","date_gmt":"2009-06-01T14:18:14","guid":{"rendered":"http:\/\/www.frank-gerber.com\/homepage\/?page_id=76"},"modified":"2026-04-07T14:16:03","modified_gmt":"2026-04-07T12:16:03","slug":"songtext-1","status":"publish","type":"page","link":"https:\/\/www.frank-gerber.com\/homepage\/songtexte\/songtext-1\/","title":{"rendered":"Pope 4 A Day &#8211; Der Highlige Vater"},"content":{"rendered":"<p>Mit den Jungs die ganze Nacht in da Club<br \/>\nund bin grad absolut schlapp<br \/>\nKomm in mein Apartment, chill ganz relaxed, was geht ab?<br \/>\nDer Papst auf n-tv &#8211; bin leicht depriletto<br \/>\nden Typ sieht man nur selten irgendwo im Ghetto<br \/>\nWarum kann der nich&#8216; mal seinen Segen rappen?<br \/>\nSchnell auf ein and&#8217;res Programm, ich muss den jetzt wegzappen<br \/>\nTotal zugekifft penn&#8216; ich ein<br \/>\nUnd tr\u00e4um davon f\u00fcr einen Tag mal Papst zu sein<\/p>\n<p>Pope For A Day<br \/>\nPapst f\u00fcr \u00b4nen Tag<br \/>\nUnd ich mach&#8216; Lady Gaga<br \/>\n\u00b4nen Heiratsantrag<br \/>\nPope For A Day<br \/>\nAuf&#8217;m Heiligen Stuhl<br \/>\nI dit it my way<br \/>\nIch mach auf Mr. Cool<\/p>\n<p>Pope For A Day<br \/>\nPapst f\u00fcr \u00b4nen Tag<br \/>\nUnd ich mach&#8216; Lady Gaga<br \/>\n\u00b4nen Heiratsantrag<br \/>\nPope For A Day<br \/>\nAuf&#8217;m Heiligen Stuhl<br \/>\nI dit it my way<br \/>\nIch mach auf Mr. Cool<\/p>\n<p>( Habemus Papam! )<\/p>\n<p>Die Kardin\u00e4le am Quatschen, Stimmen sind gez\u00e4hlt<br \/>\nund pl\u00f6tzlich: Wei\u00dfer Rauch! Der Papst is&#8216; gew\u00e4hlt!<br \/>\nHabemus Papam! Der Papst bin jetzt ich!<br \/>\nJetzt machen wir mal fett Party und die Drinks gehn auf mich<br \/>\nYeah, ich nehm den Job einfach mal an<br \/>\nJetzt is&#8216; die H\u00f6lle los &#8211; da bebt der Vatikan<br \/>\nBin der erste Papst, der MTV sieht<br \/>\nund der sich statt der Bibel den PLAYBOY reinzieht<br \/>\nJeder Papst war Single, doch jetzt darf jede ran<br \/>\ndenn der Papst ist ja auch nur ein Mann<\/p>\n<p>Pope For A Day<br \/>\nPapst f\u00fcr \u00b4nen Tag<br \/>\nUnd ich mach Lady Gaga<br \/>\n\u00b4nen Heiratsantrag<br \/>\nPope For A Day<br \/>\nAufm Heiligen Stuhl<br \/>\nI dit it my way<br \/>\nIch mach auf Mr. Cool<\/p>\n<p>Pope For A Day<br \/>\nPapst f\u00fcr \u00b4nen Tag<br \/>\nUnd ich mach Lady Gaga<br \/>\n&#8217;nen Heiratsantrag<br \/>\nPope For A Day<br \/>\nRaus aus dem Vatikan<br \/>\nIch geb&#8216; locker \u00b4ne Audienz<br \/>\nauf der Reeperbahn<\/p>\n<p>Mit dunkler Gucci-Sonnenbrille und dem iPod im Ohr<br \/>\nfahr&#8216; ich im aufgepimpten Papamobil vor<br \/>\nAn der rechten Hand trag ich den Fischerring &#8211;<br \/>\ndoch zuviel Bling-Bling is&#8216; nicht mein Ding!<br \/>\nScheiss auf den wei\u00dfen Fummel, werd&#8216; mich cool aufstylen<br \/>\nund pers\u00f6nlich an die Leute Kondome verteilen<br \/>\nSuperstar-Style, Frankie G is in da House!<br \/>\n\u00b4ne schlappe Milliarde Katholen flippen aus<br \/>\nEs ist 1fach geil und \u00b4n schwules Priesterpaar<br \/>\ngibt sich das Ja-Wort vorm Traualtar<br \/>\nDer eine spricht mit \u00b4nem L\u00e4cheln wie Richard Gere:<br \/>\n&#8220; Gayn wir zu dir oder zu mir? &#8220;<\/p>\n<p>Pope For A Day<br \/>\nPapst f\u00fcr \u00b4nen Tag<br \/>\nUnd ich mach Lady Gaga<br \/>\n\u00b4nen Heiratsantrag<br \/>\nPope For A Day<br \/>\nAuf&#8217;m Heiligen Stuhl<br \/>\nI dit it my way<br \/>\nIch mach auf Mr. Cool<\/p>\n<p>Pope For A Day<br \/>\nPapst f\u00fcr \u00b4nen Tag<br \/>\nUnd ich mach Lady Gaga<br \/>\n\u00b4nen Heiratsantrag<br \/>\nPope For A Day<br \/>\nAufm Heiligen Stuhl<br \/>\nDer gro\u00dfe Boss gibt sein Okay<br \/>\nEr findet das cool &#8211;<br \/>\nYeah, Gott hat sogar &#8217;n fettes Poster von mir<br \/>\nin seinem Homeoffice, direkt an der T\u00fcr!<\/p>\n<p>Der neue Papst, der schreibt auch rum<br \/>\nDas Thema is&#8216; krass aktuell:<br \/>\n&#8220; Top Ten &#8211; Die 10 Gebote &#8220; hei\u00dft mein neues Musical!<\/p>\n<p>Pope 4 A Day &#8230;<\/p>\n<p>Das iPhone klingelt<br \/>\nund ganz langsam wach ich auf<br \/>\nEs war alles nur \u00b4n Traum<br \/>\nDer Highlige Vater war voll drauf &#8230;<\/p>\n","protected":false},"excerpt":{"rendered":"<p>Mit den Jungs die ganze Nacht in da Club und bin grad absolut schlapp Komm in mein Apartment, chill ganz relaxed, was geht ab? Der Papst auf n-tv &#8211; bin leicht depriletto den Typ sieht man nur selten irgendwo im Ghetto Warum kann der nich&#8216; mal seinen Segen rappen? Schnell auf ein and&#8217;res Programm, ich [&hellip;]<\/p>\n","protected":false},"author":1,"featured_media":0,"parent":29,"menu_order":0,"comment_status":"open","ping_status":"open","template":"tmpl_songtexte.php","meta":{"footnotes":""},"class_list":["post-76","page","type-page","status-publish","hentry"],"_links":{"self":[{"href":"https:\/\/www.frank-gerber.com\/homepage\/wp-json\/wp\/v2\/pages\/76","targetHints":{"allow":["GET"]}}],"collection":[{"href":"https:\/\/www.frank-gerber.com\/homepage\/wp-json\/wp\/v2\/pages"}],"about":[{"href":"https:\/\/www.frank-gerber.com\/homepage\/wp-json\/wp\/v2\/types\/page"}],"author":[{"embeddable":true,"href":"https:\/\/www.frank-gerber.com\/homepage\/wp-json\/wp\/v2\/users\/1"}],"replies":[{"embeddable":true,"href":"https:\/\/www.frank-gerber.com\/homepage\/wp-json\/wp\/v2\/comments?post=76"}],"version-history":[{"count":28,"href":"https:\/\/www.frank-gerber.com\/homepage\/wp-json\/wp\/v2\/pages\/76\/revisions"}],"predecessor-version":[{"id":4791,"href":"https:\/\/www.frank-gerber.com\/homepage\/wp-json\/wp\/v2\/pages\/76\/revisions\/4791"}],"up":[{"embeddable":true,"href":"https:\/\/www.frank-gerber.com\/homepage\/wp-json\/wp\/v2\/pages\/29"}],"wp:attachment":[{"href":"https:\/\/www.frank-gerber.com\/homepage\/wp-json\/wp\/v2\/media?parent=76"}],"curies":[{"name":"wp","href":"https:\/\/api.w.org\/{rel}","templated":true}]}}