{"id":421,"date":"2009-11-07T22:07:30","date_gmt":"2009-11-07T20:07:30","guid":{"rendered":"http:\/\/www.frank-gerber.com\/homepage\/?page_id=421"},"modified":"2026-04-10T04:29:27","modified_gmt":"2026-04-10T02:29:27","slug":"geht-nich-gibts-fuer-uns-doch-nich","status":"publish","type":"page","link":"https:\/\/www.frank-gerber.com\/homepage\/songtexte\/geht-nich-gibts-fuer-uns-doch-nich\/","title":{"rendered":"Geht nich&#8216; gibt&#8217;s f\u00fcr uns doch nich&#8216;!"},"content":{"rendered":"<p>Die Zigarette in seiner Hand<br \/>\nist bis zum Filter runtergebrannt.<br \/>\nIm K\u00fchlschrank hat er nur noch Licht.<br \/>\nManche Dinge \u00e4ndern sich nicht.<br \/>\nIs&#8216; klar, dass man mal \u00b4nen H\u00e4nger hat &#8230;<br \/>\nDie Nacht ist jung, komm, wir zieh&#8217;n durch die Stra\u00dfen der Stadt<em><br \/>\n<\/em>Mit dir war&#8217;s immer schon sooo extrem &#8211;<br \/>\nF\u00fcr jede L\u00f6sung, da hast du \u00b4n Problem!<em><br \/>\n<\/em>Klar, manchmal l\u00e4uft&#8217;s im Leben eher suboptimal<br \/>\nLass die andern quatschen, is&#8216; doch sowas von egal<em><br \/>\n<\/em>Jetzt chill mal, bleib ma&#8216; locker<br \/>\nWir sind doch ganz vorn dabei<br \/>\nF\u00fcr jeden Trick, den die kennen, da kenn&#8216; wir doch zwei!<\/p>\n<p>Wenn wir denken, wir sind im falschen Film &#8211;<br \/>\ndann geben wir sie zur\u00fcck, die Eintrittskarten<br \/>\nTypen wie wir sind immer cool,<br \/>\nwir m\u00fcssen doch nicht auf den Winter warten!<\/p>\n<p>Geht nich&#8216; gibt&#8217;s f\u00fcr uns doch nich&#8216;<br \/>\nGeht nich&#8216; geht gar nich&#8216;<em><br \/>\n<\/em>f\u00fcr Dich und mich<br \/>\nEy, lass einfach machen, alles kann passier&#8217;n<em><br \/>\n<\/em>Bei uns klappt doch alles und nich&#8216; nur die T\u00fcr&#8217;n<br \/>\nUnd wir ziehen das jetzt ganz cool durch &#8230;<em><br \/>\n<\/em>Geht nich&#8216; gibt&#8217;s f\u00fcr uns doch nich&#8216;<\/p>\n<p>Jetzt h\u00e4ngen wir beide beim Drink an der Bar &#8230;<br \/>\nMachen uns \u00b4nen Kopf, und daf\u00fcr isser auch da<em><br \/>\n<\/em>F\u00fcr dich is&#8216; wie so oft das Glas halb leer<br \/>\nF\u00fcr mich isses halbvoll, ich nehm alles nich&#8216; so schwer<em><br \/>\n<\/em>Erinnerungen an alte Zeiten werden wach<br \/>\nwo mal so&#8217;n Barkeeper sprach: &#8220; Der Kl\u00fcgere kippt nach!<em> &#8220;<br \/>\n<\/em><\/p>\n<p>Echte Freunde, die l\u00e4sst man nich&#8216; h\u00e4ngen &#8230;<br \/>\nDas is&#8216; doch klar wie&#8217;n Korn!<em><br \/>\n<\/em>Sogar im Rennen ganz hinten<br \/>\nhaste mit mir die Nase vorn<em><br \/>\n<\/em>Keine Sache is&#8216; mir mit dir zu hei\u00df<br \/>\nKannst mir glauben, ohne Schei\u00df!<em><br \/>\n<\/em>L\u00e4sst jemand den Spruch ab, dass der Plan nich&#8216; funktioniert &#8230;-<br \/>\nAls ob das irgendwen interessiert!<em><br \/>\n<\/em><\/p>\n<p>Geht nich&#8216; gibt&#8217;s f\u00fcr uns doch nich&#8216;<br \/>\nGeht nich&#8216; geht gar nich&#8216;<em><br \/>\n<\/em>f\u00fcr Dich und mich<br \/>\nDas geht gar nich&#8216;!<\/p>\n<p>Ey, lass einfach machen, alles kann passier&#8217;n<em><br \/>\n<\/em>Bei uns klappt doch alles und nich&#8216; nur die T\u00fcr&#8217;n<br \/>\nUnd wir ziehen das jetzt ganz cool durch &#8230;<em><br \/>\n<\/em>Geht nich&#8216; gibt&#8217;s f\u00fcr uns doch nich&#8216;<\/p>\n<p>Geht nich&#8216; gibt&#8217;s f\u00fcr uns doch nich&#8216; &#8230;<\/p>\n<p>&nbsp;<\/p>\n<p>&nbsp;<\/p>\n","protected":false},"excerpt":{"rendered":"<p>Die Zigarette in seiner Hand ist bis zum Filter runtergebrannt. Im K\u00fchlschrank hat er nur noch Licht. Manche Dinge \u00e4ndern sich nicht. Is&#8216; klar, dass man mal \u00b4nen H\u00e4nger hat &#8230; Die Nacht ist jung, komm, wir zieh&#8217;n durch die Stra\u00dfen der Stadt Mit dir war&#8217;s immer schon sooo extrem &#8211; F\u00fcr jede L\u00f6sung, da [&hellip;]<\/p>\n","protected":false},"author":1,"featured_media":0,"parent":29,"menu_order":0,"comment_status":"open","ping_status":"open","template":"tmpl_songtexte.php","meta":{"footnotes":""},"class_list":["post-421","page","type-page","status-publish","hentry"],"_links":{"self":[{"href":"https:\/\/www.frank-gerber.com\/homepage\/wp-json\/wp\/v2\/pages\/421","targetHints":{"allow":["GET"]}}],"collection":[{"href":"https:\/\/www.frank-gerber.com\/homepage\/wp-json\/wp\/v2\/pages"}],"about":[{"href":"https:\/\/www.frank-gerber.com\/homepage\/wp-json\/wp\/v2\/types\/page"}],"author":[{"embeddable":true,"href":"https:\/\/www.frank-gerber.com\/homepage\/wp-json\/wp\/v2\/users\/1"}],"replies":[{"embeddable":true,"href":"https:\/\/www.frank-gerber.com\/homepage\/wp-json\/wp\/v2\/comments?post=421"}],"version-history":[{"count":24,"href":"https:\/\/www.frank-gerber.com\/homepage\/wp-json\/wp\/v2\/pages\/421\/revisions"}],"predecessor-version":[{"id":4819,"href":"https:\/\/www.frank-gerber.com\/homepage\/wp-json\/wp\/v2\/pages\/421\/revisions\/4819"}],"up":[{"embeddable":true,"href":"https:\/\/www.frank-gerber.com\/homepage\/wp-json\/wp\/v2\/pages\/29"}],"wp:attachment":[{"href":"https:\/\/www.frank-gerber.com\/homepage\/wp-json\/wp\/v2\/media?parent=421"}],"curies":[{"name":"wp","href":"https:\/\/api.w.org\/{rel}","templated":true}]}}