{"id":40,"date":"2009-05-31T17:24:31","date_gmt":"2009-05-31T15:24:31","guid":{"rendered":"http:\/\/www.frank-gerber.com\/homepage\/?page_id=40"},"modified":"2025-12-26T17:13:16","modified_gmt":"2025-12-26T15:13:16","slug":"impressum","status":"publish","type":"page","link":"https:\/\/www.frank-gerber.com\/homepage\/impressum\/","title":{"rendered":"Impressum"},"content":{"rendered":"<h2><span style=\"text-decoration: underline;\">Design plus technische Umsetzung:<\/span><\/h2>\n<p>Frank Gerber<br \/>\nFon: 0178 &#8211; 8699396<br \/>\nWebsite: www.frank-gerber.com<\/p>\n<p>For more details, check out StarStatement.com.<\/p>\n<p>Headquarter &#8211; Star Statement<br \/>\nOberstra\u00dfe 140<br \/>\n20149 Hamburg ( Harvestehude), Germany<\/p>\n<p>Contact: frank@frank-gerber.com<\/p>\n<h2><span style=\"text-decoration: underline;\">Haftungshinweis:<\/span><\/h2>\n<p>Trotz sorgf\u00e4ltiger inhaltlicher Kontrolle \u00fcbernehme ich keine Haftung f\u00fcr die Inhalte externer Links. F\u00fcr den Inhalt der verlinkten Seiten sind ausschlie\u00dflich deren Betreiber verantwortlich.<\/p>\n<h2><span style=\"text-decoration: underline;\">Copyright:<\/span><\/h2>\n<p>Alle Inhalte meiner Internet-Pr\u00e4senz sind urheberrechtlich gesch\u00fctzt. Weitergabe oder \u00dcbernahme der Daten &#8211; auch auszugsweise &#8211; nur mit schriftlicher Genehmigung von Frank Gerber.<\/p>\n<h2><span style=\"text-decoration: underline;\">Verantwortlich f\u00fcr den Inhalt (im Sinne des \u00a7 5 TMG ) : Frank Gerber<\/span><\/h2>\n<p>F\u00fcr den Inhalt der verlinkten Seiten sind ausschlie\u00dflich deren Betreiber verantwortlich.<\/p>\n<p>Haftungsausschluss:<\/p>\n<p>1. Inhalt des Onlineangebotes<br \/>\nDer Autor \u00fcbernimmt keinerlei Gew\u00e4hr f\u00fcr die Aktualit\u00e4t, Korrektheit, Vollst\u00e4ndigkeit oder Qualit\u00e4t der bereitgestellten Informationen. Haftungsanspr\u00fcche gegen den Autor, welche sich auf Sch\u00e4den materieller oder ideeller Art beziehen, die durch die Nutzung oder Nichtnutzung der dargebotenen Informationen bzw. durch die Nutzung fehlerhafter und unvollst\u00e4ndiger Informationen verursacht wurden, sind prinzipiell ausgeschlossen, sofern seitens des Autors kein nachweislich vors\u00e4tzliches oder grob fahrl\u00e4ssiges Verschulden vorliegt.<\/p>\n<p>Alle Angebote sind freibleibend und unverbindlich. Der Autor beh\u00e4lt es sich ausdr\u00fccklich vor, Teile der Seiten oder das komplette Angebot ohne gesonderte Ank\u00fcndigung zu ver\u00e4ndern, zu erg\u00e4nzen, zu l\u00f6schen oder die Ver\u00f6ffentlichung zeitweise oder endg\u00fcltig einzustellen.<\/p>\n<p>2. Verweise und Links<br \/>\nBei direkten oder indirekten Verweisen auf fremde Webseiten (\u201eHyperlinks\u201d) die au\u00dferhalb des Verantwortungsbereiches des Autors liegen, w\u00fcrde eine Haftungsverpflichtung ausschlie\u00dflich in dem Fall in Kraft treten, in dem der Autor von den Inhalten Kenntnis hat und es ihm technisch m\u00f6glich und zumutbar w\u00e4re, die Nutzung im Falle rechtswidriger Inhalte zu verhindern.<\/p>\n<p>Der Autor erkl\u00e4rt hiermit ausdr\u00fccklich, dass zum Zeitpunkt der Linksetzung keine illegalen Inhalte auf den zu verlinkenden Seiten erkennbar waren. Auf die aktuelle und zuk\u00fcnftige Gestaltung, die Inhalte oder die Urheberschaft der gelinkten\/verkn\u00fcpften Seiten hat der Autor keinerlei Einfluss. Deshalb distanziert er sich hiermit ausdr\u00fccklich von allen Inhalten aller gelinkten \/verkn\u00fcpften Seiten, die nach der Linksetzung ver\u00e4ndert wurden. Diese Feststellung gilt f\u00fcr alle innerhalb des eigenen Internetangebotes gesetzten Links und Verweise sowie f\u00fcr Fremdeintr\u00e4ge in vom Autor eingerichteten G\u00e4steb\u00fcchern, Diskussionsforen und Mailinglisten. F\u00fcr illegale, fehlerhafte oder unvollst\u00e4ndige Inhalte und insbesondere f\u00fcr Sch\u00e4den, die aus der Nutzung oder Nichtnutzung solcherart dargebotener Informationen entstehen, haftet allein der Anbieter der Seite, auf welche verwiesen wurde, nicht derjenige, der \u00fcber Links auf die jeweilige Ver\u00f6ffentlichung lediglich verweist.<\/p>\n<p>3. Urheber- und Kennzeichenrecht<br \/>\nDer Autor ist bestrebt, in allen Publikationen die Urheberrechte der verwendeten Grafiken, Tondokumente, Videosequenzen und Texte zu beachten, von ihm selbst erstellte Grafiken, Tondokumente, Videosequenzen und Texte zu nutzen oder auf lizenzfreie Grafiken, Tondokumente, Videosequenzen und Texte zur\u00fcckzugreifen. Alle innerhalb des Internetangebotes genannten und ggf. durch Dritte gesch\u00fctzten Marken- und Warenzeichen unterliegen uneingeschr\u00e4nkt den Bestimmungen des jeweils g\u00fcltigen Kennzeichenrechts und den Besitzrechten der jeweiligen eingetragenen Eigent\u00fcmer. Allein aufgrund der blo\u00dfen Nennung ist nicht der Schluss zu ziehen, dass Markenzeichen nicht durch Rechte Dritter gesch\u00fctzt sind! Das Copyright f\u00fcr ver\u00f6ffentlichte, vom Autor selbst erstellte Objekte bleibt allein beim Autor der Seiten. Eine Vervielf\u00e4ltigung oder Verwendung solcher Grafiken, Tondokumente, Videosequenzen und Texte in anderen elektronischen oder gedruckten Publikationen ist ohne ausdr\u00fcckliche Zustimmung des Autors nicht gestattet.<\/p>\n<p>4. Datenschutz<br \/>\nSofern innerhalb des Internetangebotes die M\u00f6glichkeit zur Eingabe pers\u00f6nlicher oder gesch\u00e4ftlicher Daten (Email-Adressen, Namen, Anschriften) besteht, so erfolgt die Preisgabe dieser Daten seitens des Nutzers ausschlie\u00dflich auf Grundlage seiner Einwilligung (Art. 6 Abs. 1 lit. a DSGVO). Der Nutzer kann diese Einwilligung jederzeit widerrufen. Dazu reicht eine formlose Mitteilung per E-Mail an den Betreiber der Website. Die Rechtm\u00e4\u00dfigkeit der bis zum Widerruf erfolgten Datenverarbeitungsvorg\u00e4nge bleibt vom Widerruf unber\u00fchrt.<\/p>\n<p>Die vom Nutzer im Kontaktformular eingegebenen Daten verbleiben beim Websitebetreiber, bis der Nutzer den Websitebetreiber zur L\u00f6schung auffordert, seine Einwilligung zur Speicherung widerruft oder der Zweck f\u00fcr die Datenspeicherung entf\u00e4llt (z.B. nach abgeschlossener Bearbeitung Ihrer Anfrage)<\/p>\n<p>Die Nutzung der im Rahmen des Impressums oder vergleichbarer Angaben ver\u00f6ffentlichten Kontaktdaten wie Postanschriften, Telefon- und Faxnummern sowie Emailadressen durch Dritte zur \u00dcbersendung von nicht ausdr\u00fccklich angeforderten Informationen ist nicht gestattet. Rechtliche Schritte gegen die Versender von sogenannten Spam-Mails bei Verst\u00f6ssen gegen dieses Verbot sind ausdr\u00fccklich vorbehalten.<\/p>\n<p>Bei Zugriffen auf diese Internetseite erhebt mein Hostinganbieter auf Grundlage unserer berechtigten Interessen im Sinne des Art. 6 Abs. 1 lit. f. DSGVO Daten \u00fcber jeden Zugriff auf den Server, auf dem sich dieser Dienst befindet (sogenannte Serverlogfiles). Zur quantitativen Messung der Zugriffe werden Daten \u00fcber die Zugriffe in Protokolldateien gespeichert (Name der abgerufenen Datei; Datum und Uhrzeit des Abrufs; IP-Adresse; Meldung, ob der Abruf erfolgreich war). Aus datenschutzrechtlichen Gr\u00fcnden wird in den Logfiles der Hostname bzw. die IP-Adresse des Clients, der diese Website aufruft, anonymisiert. Mein Hostinganbieter speichert IP-Adressen nur, soweit es zur Erbringung unserer Dienste erforderlich ist. Ansonsten werden die IP-Adressen anonymisiert. Die Logfile-Informationen werden zur Erkennung und Abwehr von Angriffen maximal 7 Tage gespeichert und danach gel\u00f6scht.<\/p>\n<p>5. Rechtswirksamkeit dieses Haftungsausschlusses<br \/>\nDieser Haftungsausschluss ist als Teil des Internetangebotes zu betrachten, von dem aus auf diese Seite verwiesen wurde. Sofern Teile oder einzelne Formulierungen dieses Textes der geltenden Rechtslage nicht, nicht mehr oder nicht vollst\u00e4ndig entsprechen sollten, bleiben die \u00fcbrigen Teile des Dokumentes in ihrem Inhalt und ihrer G\u00fcltigkeit davon unber\u00fchrt.<\/p>\n<p>6. Hinweis gem\u00e4\u00df Teledienstgesetz<br \/>\nF\u00fcr Internetseiten Dritter, auf die die dieses Angebot durch sog. Links verweist, tragen die jeweiligen Anbieter die Verantwortung. Der Betreiber ist f\u00fcr den Inhalt solcher Seiten Dritter nicht verantwortlich. Des weiteren kann die Web-Seite ohne unser Wissen von anderen Seiten mittels sog. Links angelinkt werden. Der Betreiber \u00fcbernimmt keine Verantwortung f\u00fcr Darstellungen, Inhalt oder irgendeine Verbindung zu dieser Web-Seite in Web-Seiten Dritter. F\u00fcr fremde Inhalte ist der Betreiber nur dann verantwortlich, wenn von ihnen (d.h. auch von einem rechtswidrigen oder strafbaren Inhalt) positive Kenntnis vorliegt und es technisch m\u00f6glich und zumutbar ist, deren Nutzung zu verhindern. Der Betreiber ist nach dem Teledienstgesetz jedoch nicht verpflichtet, die fremden Inhalte st\u00e4ndig zu \u00fcberpr\u00fcfen.<\/p>\n<p>Frank Gerber \/ Copyright 2009, Hamburg &#8211; Germany, 2026<\/p>\n","protected":false},"excerpt":{"rendered":"<p>Design plus technische Umsetzung: Frank Gerber Fon: 0178 &#8211; 8699396 Website: www.frank-gerber.com For more details, check out StarStatement.com. Headquarter &#8211; Star Statement Oberstra\u00dfe 140 20149 Hamburg ( Harvestehude), Germany Contact: frank@frank-gerber.com Haftungshinweis: Trotz sorgf\u00e4ltiger inhaltlicher Kontrolle \u00fcbernehme ich keine Haftung f\u00fcr die Inhalte externer Links. F\u00fcr den Inhalt der verlinkten Seiten sind ausschlie\u00dflich deren Betreiber [&hellip;]<\/p>\n","protected":false},"author":1,"featured_media":0,"parent":0,"menu_order":13,"comment_status":"open","ping_status":"open","template":"","meta":{"footnotes":""},"class_list":["post-40","page","type-page","status-publish","hentry"],"_links":{"self":[{"href":"https:\/\/www.frank-gerber.com\/homepage\/wp-json\/wp\/v2\/pages\/40","targetHints":{"allow":["GET"]}}],"collection":[{"href":"https:\/\/www.frank-gerber.com\/homepage\/wp-json\/wp\/v2\/pages"}],"about":[{"href":"https:\/\/www.frank-gerber.com\/homepage\/wp-json\/wp\/v2\/types\/page"}],"author":[{"embeddable":true,"href":"https:\/\/www.frank-gerber.com\/homepage\/wp-json\/wp\/v2\/users\/1"}],"replies":[{"embeddable":true,"href":"https:\/\/www.frank-gerber.com\/homepage\/wp-json\/wp\/v2\/comments?post=40"}],"version-history":[{"count":39,"href":"https:\/\/www.frank-gerber.com\/homepage\/wp-json\/wp\/v2\/pages\/40\/revisions"}],"predecessor-version":[{"id":4608,"href":"https:\/\/www.frank-gerber.com\/homepage\/wp-json\/wp\/v2\/pages\/40\/revisions\/4608"}],"wp:attachment":[{"href":"https:\/\/www.frank-gerber.com\/homepage\/wp-json\/wp\/v2\/media?parent=40"}],"curies":[{"name":"wp","href":"https:\/\/api.w.org\/{rel}","templated":true}]}}