{"id":3734,"date":"2023-01-15T12:41:04","date_gmt":"2023-01-15T10:41:04","guid":{"rendered":"https:\/\/www.frank-gerber.com\/homepage\/?page_id=3734"},"modified":"2026-01-15T19:24:52","modified_gmt":"2026-01-15T17:24:52","slug":"news-2023","status":"publish","type":"page","link":"https:\/\/www.frank-gerber.com\/homepage\/news\/news-2023\/","title":{"rendered":"News 2023"},"content":{"rendered":"<h2>24.01.2023: StarStatement.com. L\u00e4uft doch!<\/h2>\n<p>Was, Ihr kennt StarStatement.com nicht??? Ihr klickt ja wohl nicht richtig!!?? Deutschlands coolster CEO Frank Gerber hat wieder megam\u00e4\u00dfige K\u00fcnstler am Start: Nina Chuba, Kendrick Lamar, Taylor Swift, Beyonce, Justin Bieber, Ariana Grande, Nicki Minaj, Selena Gomez, Badmomzjay, Rihanna, Metallica und Rapperin Shirin David u.v.m.<\/p>\n<p>Es ist wie eine Szene aus einem spannenden Agententhriller, um Mitternacht an einem geheimen Ort. \u2018Ne Parkbank an der Alster, mitten in Hamburg. Der medienscheue und exentrische StarStatement-CEO Frank Gerber joggt im schwarzen Prada-Hoodie und mit schwarzer Super-Sonnenbrille und mit Kippe im Mundwinkel direkt auf uns zu, eskortiert von breitschultrigen \u201eBuddy-Guards \u201c und einigen surrenden Drohnen am Himmel. Very Very Big Cinema! \u201e Hi! \u201c, ruft er l\u00e4chelnd. \u201e Alles Gucci? \u201c<br \/>\n\u201e Hey \u201c. Diskret tauschen wir relevante Infos aus. Top secret, nat\u00fcrlich! Dann klappt Agentin OOSilvia das Apple MacBook Air auf.<br \/>\n\u201e Wow, das ist der Wahnsinn! Ultimativst \u00fcberirdisch! Wir haben echt die coolsten User:innen ever! So viele Millionen Clicks allein im letzten Monat! Wie endgeil ist das denn?! \u201c Frank Gerber flippt vor Freude aus. Ist mega-happy, als er von mir erf\u00e4hrt, dass seine unfassbar erfolgreiche Online-Plattform StarStatement.com 2022 erneut alle Rekorde gebrochen hat und noch beliebter ist als im Jahr zuvor. Die Online-Plattform geht bez\u00fcglich Nutzerzahlen gerade durch die Decke. \u201e Ist doch voll der Oberhammer, wie wir das alles gerockt haben, oder? Damals dachten viele Typen, das bekommen wir nie gefickt \u201c, lacht Frank und hat wie immer \u2018nen lockeren Spruch auf den Lippen \u201e Cool bleiben ist aber zum Gl\u00fcck meine Superpower und ich sprach: Abwarten und Tee\u2026Quila trinken! \u201c<\/p>\n<p><img loading=\"lazy\" decoding=\"async\" src=\"\/homepage\/wp-content\/themes\/gerber\/images\/artikelbilder\/frank-gerber_01.jpg\" alt=\"Frank Gerber\" width=\"207\" height=\"452\" \/><\/p>\n<p>Er liebt gro\u00dfe Auftritte. Er ist der unbestrittene Rockstar unter den CEOs und ein erfreulicher Fall von Verhaltensauff\u00e4lligkeit. Normal ist nicht Frankies Ding. Alles bei Gerber ist anders. Total anders. Als der Berufscoole und Meister der Selbstinzenierung mit gro\u00dfer Leichtigkeit und Begeisterung plus mit viel Spa\u00df StarStatement.com startete, sprach er: \u201e Ladies &amp; Gentlemen, lassen Sie uns ABFEIERN! \u201c Schwer bewaffnet mit einem Fl\u00e4schchen Champagner Dom Perignon spritzte der charismatische StarStatement-CEO und Founder vor vielen Jahren die geladenen G\u00e4ste voll und die krasse Party ging ab! Ich bin zu durchgeknallt und crazy f\u00fcr meinen Job? Ich habe permanent Blutgruppe Wodka? Ich bin euch zu schr\u00e4g? Egal.de! Frank Gerber pfeift drauf.<\/p>\n<p>Erst der Spa\u00df, dann das Vergn\u00fcgen. W\u00e4hrend viele andere CEOs in ihrer Wohnung fr\u00fch schlafen gingen, ihren Body brav schonten und absolut gesund lebten, um fr\u00fchmorgens topfit zu sein, st\u00fcrzte sich Frank Gerber exzessiv ins Nightlife und datete viele Models und einmal sogar eine junge Franz\u00f6sin, die Ballettt\u00e4nzerin an der ber\u00fchmten Oper\u00e1 Garnier im 9. Arrondissement von Paris war. Er pr\u00e4ferierte ein Leben auf der \u00dcberholspur und trieb sich an Hotelbars wie im Hotel Atlantic Hamburg oder in hippen IN-Clubs in London, Paris, New York und Berlin rum oder gab sich n\u00e4chtelang die \u00dcberdosis Reeperbahn, denn der fr\u00fche Vogel kann bei ihm ruhig mal ein bisschen l\u00e4nger pennen. Frank sagt ja immer cool: \u201e So, erstmal Wecker stellen. Am besten nach drau\u00dfen zum M\u00fcll! \u201c<\/p>\n<p>Was, Ihr kennt StarStatement.com nicht? Ihr klickt ja wohl nicht richtig!!?? Hey, diese Site sollte jeder mal ansurfen! Es gibt nichts Vergleichbares auf der Welt. Es ist eine Superplattform made in Germany, wie es noch keine gab: Die ultimativ coolste Online-Plattform des Planeten hat im World Wide Web einen schillernden Ruf. Starke Marke! Wenn man ihn fragt, was er beruflich mache, sagt Frankie: \u201e Das Unm\u00f6gliche m\u00f6glich! \u201c<\/p>\n<p>Leben wie Gott in Frankreich? Nee, leben wie Gerber in Hamburg! Frank Gerber geh\u00f6rt ja zu Hamburg wie die Reeperbahn oder der zuk\u00fcnftige Elbtower oder die Elbphilharmonie, das neue architektonische Meisterwerk mit dem imposanten Glasaufbau! Die spektakul\u00e4re \u201eStar Statement Suite \u201c mit Highend-Ausstattung \u2013 Gerbers geheimes Headquarter. Wenn du in der atemberaubenden Star Statement Suite in Hamburg in der Oberstra\u00dfe Ecke Mittelweg mitten im Nobelviertel Harvestehude ankommst, befindest du dich echt in einer anderen Welt. Es ist der Tempel der Kreativit\u00e4t: Ein heiliger Ort! Der Petersdom der Musikwelt! Harvestehude ist seine neue Hood. Frank: \u201e Der Stadtteil, der dem Paradies am n\u00e4chsten ist. \u201c<\/p>\n<p>\u201e Mein Buddy-Guard meint, wir sollten weiterziehen \u201c, sagt Mr. StarStatement. Er h\u00e4tte sehr gerne noch ein wenig geplaudert, l\u00e4sst er uns mit einem charmanten L\u00e4cheln wissen. Am Harvestehuder Weg, der \u201e Stra\u00dfe der Million\u00e4re \u201c, steht vor einer pr\u00e4chtigen Villa der in edlem Schwarz gehaltene Van. Von dort wird er vom Chauffeur direkt zur Star Statement Suite chauffiert.<br \/>\n\u201e 17 Uhr, Meeting, morgen in P\u00f6seldorf. Eventuell kannste was auf vipywood.com bringen. Biste dann am Start? \u201c<br \/>\n\u201e Yes \u201c, antworte ich nickend. Eigentlich wollte ich ja nach Mallorca jetten, wo ich gern noch einmal eine Immobilie erwerben m\u00f6chte, aber das kann ich ja immer noch. No Prob!<br \/>\n\u201e Okaychen. Cocaine gibt dir gerne vorher alle Infos. MAILde dich bitte, wenn du da bist. Ich hau dann mal ab, goodbye Hawaii \u201c sagt er straight und joggt Richtung Gerberexpress, flankiert von seinen befreundeten Security-M\u00e4nnern, die breiter sind als Eddy Kante und Dwayne \u201e The Rock \u201c Johnson.<\/p>\n<p>Nat\u00fcrlich kann man sich den ganzen Tag \u00fcber alle aktuellen Krisen wie die Corona-Pandemie, den Ukraine-Krieg und den Klimawandel aufregen. Man kann aber auch mal entspannt ein K\u00e4ffchen trinken. Der sympathische StarStatement-CEO Frank Gerber h\u00e4ngt mit der Star Statement Squad maximal gechillt im Espresso House am Mittelweg im angesagten P\u00f6seldorf im Stadtteil Rotherbaum ab und denkt lieber cool \u00fcber eine L\u00f6sung aus den aktuellen Krisen nach. Das sollte er vielleicht auch. Frank Gerber tr\u00e4gt nach Ansicht vieler Ladies zumindest eine Mitschuld am Klimawandel: Er ist einfach zu hei\u00df f\u00fcr diese Welt! \u201e Darf ich Ihnen mal meine Bestellung in die Lauschlappen fl\u00fcstern, Gn\u00e4digste? \u201c, fragt Charmeur Frank die Bedienung, die sogar ungeschminkt so aussieht als k\u00f6nnte sie bei Heidi Klum in der Castingshow GERMANY\u2018S NEXT TOPMODEL auf ProSieben den begehrten Titel holen. Abwechselnd nippt er dann an Cappuccino oder Wasser. Er streicht seinen unversch\u00e4mt perfekt sitzenden Prada-Anzug etwas glatt und r\u00fcckt frankl\u00e4ssig die dunkle Designer-Sonnenbrille zurecht. Omg, he looks awsome!<\/p>\n<p>Eine elegant gekleidete und aufgepimpte Richbitch f\u00e4hrt im knallroten Hausfrauenpanzer vor und parkt ihren neuen Luxus-SUV von Porsche direkt vor dem sehr gut frequentierten Cafe. An ihrem Handgelenk tr\u00e4gt sie ein Bulgari-Armband. Die Gute sieht ein bisschen wie ein Paintballopfer aus und meine coole Sis aus Eppendorf haut gleich einen Spruch raus: \u201e Da ist ein bisschen Gesicht in der Schminke. \u201c<\/p>\n<p>Da isser! Zwei junge Harvestehude Hipster kommen pl\u00f6tzlich an den Tisch und fragen fast ehrf\u00fcrchtig nach einem Selfie: \u201e Wir lieben deine Online-Plattform. W\u00e4re es bitte m\u00f6glich, dass wir ein Selfie machen? \u201c<br \/>\n\u201e Alles klar. Kein Ding! \u201c, antwortet Frank h\u00f6flich. \u201e Bin nicht hundertpro sicher, aber habt Ihr mich nicht schon gestern in der Parf\u00fcmerie im Alsterhaus am Jungfernstieg angequatscht? \u201c<br \/>\nDie Gerberholics kichern und z\u00fccken ihr Smartphone. F\u00fcr viele ist Frank Gerber der Che Guevera der heutigen Youngster: Viva la Revolucion! Frank gibt den Jungs seine Visitenkarte: Darauf steht: \u201e Frank Gerber \u2013 President Of The United Stars! \u201c<\/p>\n<p><img loading=\"lazy\" decoding=\"async\" src=\"\/homepage\/wp-content\/themes\/gerber\/images\/artikelbilder\/frank-gerber_02.jpg\" alt=\"Frank Gerber\" width=\"332\" height=\"385\" \/><\/p>\n<p>Die punkige Anarcho-Hacktivistin Cocaine, die zuweilen genauso unkonventionell denkt und agiert wie Frank Gerber, h\u00e4ngt im Moment auch mit uns rum und pr\u00e4sentiert ihren frisch blondierten Pixie-Cut. W\u00e4hrend sie das Kreditk\u00e4rtchen aus ihrer s\u00fcndteuren Chanel-Luxustasche zieht, um es als Schneeschieber zu benutzen, erz\u00e4hlt sie uns, das der in S\u00fcdafrika geborene Tesla- und SpaceX-Besitzer Elon Musk die Social Media Plattform Twitter f\u00fcr 44 Milliarden Dollar gekauft hat.<br \/>\n\u201e Kollege Elon hat \u2018nen schlechten Deal gemacht \u201c, sagt Frank mit einem L\u00e4cheln. \u201e Schlappe 6 Milliarden mehr und er h\u00e4tte daf\u00fcr eventuell StarStatement.com kaufen k\u00f6nnen! \u201c<br \/>\nFrank-tastisch!<\/p>\n<p>Cocaine greift zum Flammenwerfer von Dupont. Steckt sich \u2018ne Zigarette der franz\u00f6sischen Marke Gauloises an. Erz\u00e4hlt Stories aus ihrem Leben und von wilden Zeiten mit ihrer Schwester und ihrem Freund in ihrer Berliner Studenten-WG. Ihre Alten schickten sie mal zur Drogenberatung. \u201e Ey, die Drogenberatung war echt voll schei\u00dfe! \u201c, kichert sie. \u201eDie wussten weder die aktuellen Preise, noch konnten sie mir \u2018nen guten Dealer in meiner Hood nennen. \u201c<\/p>\n<p>Frank Gerber lacht, liest nebenbei die taz, nippt an seinem Cappuccino. \u201eG\u00f6nn dir, Baby! \u201c, sagt Frank zu mir und wir sto\u00dfen mit Kaffee an \u2013 und ich erinner\u2018 mich gern an die wilden Zeiten, als wir jede Nacht wie Pam &amp; Tommy v\u00f6llig breit durch die Clubs gezogen sind und unseren Wasserhaushalt \u00fcber die Eisw\u00fcrfel im Gin Tonic regelten.<br \/>\nDer Meister macht die Socken scharf und bittet seine Entourage, ihm zu folgen. Wir checken ein paar Restaurants rund um das P\u00f6seldorf Center und wenige Minuten sp\u00e4ter h\u00e4ngen wir in der Milchstra\u00dfe ab und Mr. StarStatement guckt in die Runde und meint: \u201e Ey Mann! Nur Verr\u00fcckte hier. Geil, oder? \u201c<\/p>\n<p>Niemand will die guten Vibes killen und wir quatschen \u00fcber alles M\u00f6gliche: \u00dcber die von Kevin Lewandowski gegr\u00fcndete Online Datenbank Discogs f\u00fcr Diskografien und \u00fcber neue Musikvideos und Musik von Luca Carlo Politano alias  Souly, Kid Capri, Tim Kampmann alias Twenty4Tim, Deichkind, Floss, Anti-Flag, Die Antwoord, Aykut Anhan alias Haftbefehl, Zavet, Katrin Vogelov\u00e1 alias Katja Krasavice, Catharina Hagen alias Nina Hagen, Leonie Burger alias Leony, Marwin Balsters, Schwesta Ewa, Anis Mohamed Youssef Ferchichi alias Bushido, Eli Preiss, Provinz, Apollo Sissi, Esther Claudia Graf alias Esther Graf, Bowie, Luvre47, Pierre Baigorry alias Peter Fox, Jascha Schmuhl alias Chapo 102, Kraftclub, Marteria, Johann Lorenz Moser alias Bonez MC, Nura Habib Omer alias Nura, Savas Yurderi alias Kool Savas, Ufo361, Loridana Aliu Zefi alias Loredana, Cloudy Juneist alias Cloudy June, Elif Akar alias Ayliva, Pantha, Makko, Marco Tscheschlok alias Takt32, Raphael Ragucci alias RAF Camora und der Band Blond aus Chemnitz. \u00dcber Pop Art und Kunst von Norbert Zerbs alias Niclas Castello, Niki de Saint Phalle, Claes Oldenburg, Otto Waalkes, Gerhard Richter, Devin Miles, Niko Nikolaidis, Jim Avignon, J\u00f6rg D\u00f6ring, Michel Friess, Richard Orlinski, Moira Musio, David Hockney, Alex Katz, Axel Crieger, Kristin Kossi. Im letzten Jahr war die komplette Gerber-Gang \u00fcbrigens wieder auf der renommierten Art Basel in Miami am Start. Zudem quatschen wir \u00fcber \u00fcber Influencer:innen wie Social Media Star und Autorin Patricia Davidavicius alias Pati Valpati, Leonie Hanne, Pamela Leonie Reif alias Pamela Reif, Romina Palm, Dagmar Nicole Kazakov, geb. Ochmanczyk alias Dagi Bee, Toni Kroos, Lisa und Lena Mantler, Sylvie Meis, Katharina Caroline Daur alias Caro Daur und den in Oldenburg geborenen Parfum Influencer Daniel Sch\u00fctz alias Jeremy Fragrance, der fr\u00fcher Model und S\u00e4nger in der Boyband PART SIX und Teilnehmer der Reality Show &#8220; Promi Big Brother &#8220; war und auch ein eigenes Parf\u00fcm am Start hat. Und wir diskutieren rum, welche Promis und Celebrities wohl die meisten Follower auf Instagram haben? Model Leni Olumi Samuel alias Leni Klum, Kylie Jenner oder Cristiano Ronaldo? Lionel Messi, Neymar oder Kim Kardashian? Weitere Gespr\u00e4chsthemen waren u.a. die neuen B\u00fccher auf der Frankfurter Buchmesse und das Reeperbahn Festival und die Konzertreihe Open Air STARS AM STRAND in Timmendorfer Strand und die Er\u00f6ffnung von Otto Waalkes eigener Galerie \u201e Ottos BilderWelten \u201c in der Europa Passage in Hamburg.<\/p>\n<p>Anarchie in der Elbphilharmonie: Mr. StarStatement erz\u00e4hlt uns ganz nebenbei auch von einem neuen Projekt in der Elphi, das er in Zukunft am Start haben will. Eine clevere Gesch\u00e4ftsidee. 2023 ist Neustart angesagt! Der Kreativkopf h\u00e4lt den Finger vor dem Mund und sagt dann leise: \u201e Pssst \u2013 Staatsgeheimnis! \u201c Mr. StarStatement \u00fcberlegt zudem immer konkreter, in der modernen HafenCity in Hamburg im geplanten Skyscraper namens Elbtower ein repr\u00e4sentatives Headquarter zu er\u00f6ffnen! Das sind ja mal wunderbare Neuigkeiten!<\/p>\n<p>Good News auch f\u00fcr alle Fans von Nina Chuba: Die in Wedel bei Hamburg geborene S\u00e4ngerin hat bald ihr Deb\u00fctalbum GLAS am Start! Frank Gerber: \u201e Offizielles Release-Datum f\u00fcr das Ding ist der 24. Februar 2023. Nina Chuba z\u00e4hlt zu den hottesten Newcomern im Musik-Biz und ihre Videos erreichen Millionen Views. Nina ist so WOW! Ihr verdammt cooler Abgeh-Song WILDBERRY LILLET wurde auf Tiktok zum Smash-Hit und zig Millionen Mal auf Spotify gestreamt! Den Song feier\u2018 ich komplett! \u201c<\/p>\n<p>Schon 2007 durfte Nina Chuba im Alter von acht Jahren in der \u00fcberaus popul\u00e4ren Serie \u201e Die Pfefferk\u00f6rner \u201c vor der Kamera stehen. Im Dezember r\u00e4umte sie doppelt ab beim begehrten Musikpreis 1Live Krone. Aktuell hat die K\u00fcnstlerin fast 250000 Follower auf Instagram und war Coverstar der neuen Ausgabe von GLAMOUR Germany und auf dem Cover der Jugendzeitschrift BRAVO.\u00a0 Alle, die mehr \u00fcber die mega-erfolgreiche Rapperin, S\u00e4ngerin und Schauspielerin wissen m\u00f6chten, d\u00fcrfen gerne Diskografie, Filmografie, Biografie, Biopic, Lyrics, Alben, Songs, Fandom, Wiki oder Wikipedia checken! Aktuell ist Nina Chuba, b\u00fcrgerlich Nina Katrin Kaiser, mit dem grandiosen Einstiegstrack zum neuen Video GLATTEIS auf StarStatement.com! Check it out!<\/p>\n<p>Nat\u00fcrlich gibt\u2019s noch weitere Highlights auf der coolsten Online-Plattform der Welt. Here we go:<\/p>\n<p>Der junge Bundesrapper Gerrit Falius alias Disarstar, Barbara Shirin Davidavicius alias Shirin David, Blackpink, Electric Callboy, Rihanna, Taylor Alison Swift alias Taylor Swift, Kendrick Lamar, Machine Gun Kelly, Carly Rae Jepsen, Martin Garrix, SZA, The 1975 mit Frontman Matthew Healy, Stefflon Don, Sarah Marianne Corina Lewe alias Sarah Connor, Selena Gomez, Herbert Gr\u00f6nemeyer, Nayvadius DeMun Wilburn alias Future, Metallica, Elif Demirezer alias Elif, Tarin Wilda alias Ace Tee, Imagine Dragons, Amy Billings alias Amy Shark, Rammstein, Tokio Hotel, Paul Hartmut W\u00fcrdig alias Sido, Aubrey Drake Graham alias Drake, Volkan Yaman alias Apache 207, Lewis Capaldi, Lil Baby, Pierre David Guetta alias David Guetta, Michael Patrick Kelly, Leslie Clio, Bree Runaway, The Beatles, Alicia Beth Moore alias P!NK, Adele, Shakira, Backstreet Boys, Bryan Adams, DaBaby, Bruce Springsteen, Tove Lo, Mimi Webb, Willow Camille Reign Smith alias Willow, 5 Seconds Of Summer, Johannes Oerding, John Legend, Sam Smith, Joy Denalane, Calvin Harris, Die Fantastischen Vier, Ellie Goulding, Annnett P\u00e4ge alias Annett Louisan, Steel Panther, Lana Del Rey, Swiss &amp; Die Andern, Rakim Athhelston Mayers alias ASAP Rocky, Ina M\u00fcller, Natasha Khan alias Bat For Lashes, Depeche Mode, Jennifer Lopez, Calvin Cordozar Broadus Jr. alias Snoop Dogg, The Killers, Pietro Lombardi, Jessica Stockmann, The Libertines, Tim Bendzko, Oliver Stanley Murs alias Olly Murs, Alexa Feser, Khalid, Josy Napieray alias Badm\u00f3mzjay, Lil Nas X, Madonna Louise Ciccone alias Madonna, Hanan Hamdi alias Namika, Nisse Ingwersen alias Nisse, Julian Vincenzo Pollina alias Faber, George Ezra, My First Band, Style Of Eye, Tricky, Anna Calvi, Larissa Sirah Herden alias Lary, ZAZ, Joe Bonamassa, French Montana, Gin Wigmore, Alan Walker, Antje Schomaker, Axel Bosse alias Bosse, Jax Jones, Friedrich Kautz alias Prinz Pi, Michael Schindler alias Shindy, Melody Gardot, Megan Thee Stallion, M.I.A., Yungblud, Nicki Minaj, Sean Paul, Carlo Waibel alias Cro, Noah Cyrus, Amalaratna Zandile Dlamini alias Doja Cat, Barbara Sch\u00f6neberger, Kim Rafaela Debkowski alias Kim Gloss, Volkan Yaman alias Apache 207, Andy Grammer, Guano Apes, Samy Sorge alias Samy Deluxe, The BossHoss, Lady Gaga, Revolverheld, Kid Cudi, Upsahl, Christopher Comstock alias Marshmello, Ellinor Miranda Salomea Olovsdotter alias Elliphant, Keith Urban, Nightwish, Lorde, Thomas H\u00fcbner alias Clueso, Moses Peter Pelham alias Moses Pelham, Peter Alexander Makkay alias Peter Maffay, Wladislaw Balowazki alias Capital Bra, Camila Cabello, Lukas Rieger, Thomas Helmut Beck alias Tom Beck, Benjamin Joel Brandenstein aalias Joel Brandenstein, Tinashe Jorgenson Kachingwe alias Tinashe, Thomas Wesley Pentz alias Diplo, Dolly Parton, Domiziana Helga Gibbels alias Domiziana, Juice Wrld, DJ Snake, Mick Jagger, Pitbull, Jonathan Hellberg, Max Podeschwig alias Max Prosa, Philipp Poisel, Charlotte Rezbach alias Lotte, Joy Crookes, Maxie Lee Ryles III alias Fivio Foreign, A-ha mit Frontman Morten Harket, Culcha Candela, Logic, Jay Sean, Stephen Paul MManderson alias Professor Green, Yannick Dekeyser alias Estikay, Nightwish, Bring Me The Horizon, Alyssa Michelle Stephens alias Latto, Keith Urban, David Guetta, Maren Morris, Mark Forster, Dua Lipa, Miley Cyrus, Harry Styles, Little Mix, Foo Fighters, Freya Ridings, Paul Kalkbrenner, Till Br\u00f6nner, Annett Louisan, Yvonne Catterfeld, Culcha Candela, Michael Patrick Kelly, Justin Bieber, Marius M\u00fcller-Westernhagen, Adel Tawil, London Grammar, Daniel Ebel alias Dendemann, Alicia Keys, Demi Lovato, Olivia Rodrigo, Wincent Weiss, Patricia Kelly, Jan Philipp Ei\u00dffeldt alias Jan Delay, Lord Of The Lost mit Frontmann Chris Harms, Raheem Heid alias reezy, Grimes, Lea-Marie Becker alias LEA, Dermont Kennedy, Paul McCartney, Curtis James Jackson III alias 50 Cent, David Bowie, Nneka, Chase Atlantic, Benjamin Griffey alias Casper, Alexandra Stan, Aneta Sablik, DJ Khaled, Labrinth, Sophie Hunger, Patricia Kaas, Loreen, Miles Davis, Troye Sivan, Jonas Kaufmann, Aerosmith, Tilmann Otto alias Gentleman, Maria Carey, Jay-Z, J Balvin, Britney Spears, Zara Larsson, Willie Nelson, Maroon 5 mit Frontman Adam Levine, Charli XCX, Nightwish, Gwen Stefani, Mary J. Blige, Steve Aoki, Enrique Iglesias, Jamie Cullum, Johnny Cash, Shakira, Bon Jovi, Andrea Bocelli, Alice Merton, Carla Bruni, The Beatles, Tove Styrke, Patrick Gro\u00dfmann alias Luciano, Shania Twain und der legend\u00e4re S\u00e4nger und Godfather Of Punk James Newell Osterberg alias Iggy Pop aus Muskegon, Michigan und und und.<\/p>\n<p>Viele, viele weitere gro\u00dfartige Stars, Artists &amp; Bands folgen \u2026<\/p>\n<p>Freut euch drauf! Die Action geht weiter!<\/p>\n<p>StarStatement.com \u2013 So geht cool!<\/p>\n<p>B4N und volle Power, XXX S.K.<\/p>\n","protected":false},"excerpt":{"rendered":"<p>24.01.2023: StarStatement.com. L\u00e4uft doch! Was, Ihr kennt StarStatement.com nicht??? Ihr klickt ja wohl nicht richtig!!?? Deutschlands coolster CEO Frank Gerber hat wieder megam\u00e4\u00dfige K\u00fcnstler am Start: Nina Chuba, Kendrick Lamar, Taylor Swift, Beyonce, Justin Bieber, Ariana Grande, Nicki Minaj, Selena Gomez, Badmomzjay, Rihanna, Metallica und Rapperin Shirin David u.v.m. Es ist wie eine Szene aus [&hellip;]<\/p>\n","protected":false},"author":2,"featured_media":0,"parent":4288,"menu_order":2,"comment_status":"closed","ping_status":"closed","template":"tmpl_news.php","meta":{"footnotes":""},"class_list":["post-3734","page","type-page","status-publish","hentry"],"_links":{"self":[{"href":"https:\/\/www.frank-gerber.com\/homepage\/wp-json\/wp\/v2\/pages\/3734","targetHints":{"allow":["GET"]}}],"collection":[{"href":"https:\/\/www.frank-gerber.com\/homepage\/wp-json\/wp\/v2\/pages"}],"about":[{"href":"https:\/\/www.frank-gerber.com\/homepage\/wp-json\/wp\/v2\/types\/page"}],"author":[{"embeddable":true,"href":"https:\/\/www.frank-gerber.com\/homepage\/wp-json\/wp\/v2\/users\/2"}],"replies":[{"embeddable":true,"href":"https:\/\/www.frank-gerber.com\/homepage\/wp-json\/wp\/v2\/comments?post=3734"}],"version-history":[{"count":47,"href":"https:\/\/www.frank-gerber.com\/homepage\/wp-json\/wp\/v2\/pages\/3734\/revisions"}],"predecessor-version":[{"id":4507,"href":"https:\/\/www.frank-gerber.com\/homepage\/wp-json\/wp\/v2\/pages\/3734\/revisions\/4507"}],"up":[{"embeddable":true,"href":"https:\/\/www.frank-gerber.com\/homepage\/wp-json\/wp\/v2\/pages\/4288"}],"wp:attachment":[{"href":"https:\/\/www.frank-gerber.com\/homepage\/wp-json\/wp\/v2\/media?parent=3734"}],"curies":[{"name":"wp","href":"https:\/\/api.w.org\/{rel}","templated":true}]}}