{"id":351,"date":"2009-10-02T16:43:52","date_gmt":"2009-10-02T14:43:52","guid":{"rendered":"http:\/\/www.frank-gerber.com\/homepage\/?page_id=351"},"modified":"2026-01-15T19:21:46","modified_gmt":"2026-01-15T17:21:46","slug":"news-august-2009","status":"publish","type":"page","link":"https:\/\/www.frank-gerber.com\/homepage\/news\/news-august-2009\/","title":{"rendered":"News August 2009"},"content":{"rendered":"<h2>12.08.2009: Germany&#8217;s Next Top-Maler<\/h2>\n<p>Frank Gerber plant eigene TV-Show<\/p>\n<p>Deutschland sucht den Supermaler! Frank Gerber will mit Hilfe einer<br \/>\nneuen TV-Show Nachwuchsk\u00fcnstler finden. Der Maloobi-Gr\u00fcnder<br \/>\nbereitet eine noch nie dagewesene Show mit dem Namen &#8220; Germany&#8217;s<br \/>\nNext Top-Maler &#8220; vor. F\u00fcr die Sendung sollen Nachwuchsk\u00fcnstler<br \/>\naus ganz Deutschland ihre Werke pr\u00e4sentieren. Wer als neuer Stern<br \/>\nam Kunst-Himmel aufsteigt, bestimmen die Zuschauer via Telefon-<br \/>\nVoting. Die Show soll 2010 bei einem gro\u00dfen Sender ausgestrahlt<br \/>\nwerden. Im Vorfeld zur TV-Show soll die Aktion &#8220; Germany&#8217;s Next<br \/>\nTop-Maler &#8220; auf der Internetgalerie &#8220; Maloobi &#8220; starten. Von allen<br \/>\nK\u00fcnstlern, die sich dort mit ihren Werken bewerben, d\u00fcrfen nur 30<br \/>\nan der Show teilnehmen. Diese 30 werden von einer Jury ausgew\u00e4hlt.<br \/>\nWer in der Jury sitzt, will Gerber jedoch noch nicht verraten.<\/p>\n","protected":false},"excerpt":{"rendered":"<p>12.08.2009: Germany&#8217;s Next Top-Maler Frank Gerber plant eigene TV-Show Deutschland sucht den Supermaler! Frank Gerber will mit Hilfe einer neuen TV-Show Nachwuchsk\u00fcnstler finden. Der Maloobi-Gr\u00fcnder bereitet eine noch nie dagewesene Show mit dem Namen &#8220; Germany&#8217;s Next Top-Maler &#8220; vor. F\u00fcr die Sendung sollen Nachwuchsk\u00fcnstler aus ganz Deutschland ihre Werke pr\u00e4sentieren. Wer als neuer Stern [&hellip;]<\/p>\n","protected":false},"author":1,"featured_media":0,"parent":4288,"menu_order":16,"comment_status":"closed","ping_status":"closed","template":"tmpl_news.php","meta":{"footnotes":""},"class_list":["post-351","page","type-page","status-publish","hentry"],"_links":{"self":[{"href":"https:\/\/www.frank-gerber.com\/homepage\/wp-json\/wp\/v2\/pages\/351","targetHints":{"allow":["GET"]}}],"collection":[{"href":"https:\/\/www.frank-gerber.com\/homepage\/wp-json\/wp\/v2\/pages"}],"about":[{"href":"https:\/\/www.frank-gerber.com\/homepage\/wp-json\/wp\/v2\/types\/page"}],"author":[{"embeddable":true,"href":"https:\/\/www.frank-gerber.com\/homepage\/wp-json\/wp\/v2\/users\/1"}],"replies":[{"embeddable":true,"href":"https:\/\/www.frank-gerber.com\/homepage\/wp-json\/wp\/v2\/comments?post=351"}],"version-history":[{"count":11,"href":"https:\/\/www.frank-gerber.com\/homepage\/wp-json\/wp\/v2\/pages\/351\/revisions"}],"predecessor-version":[{"id":3873,"href":"https:\/\/www.frank-gerber.com\/homepage\/wp-json\/wp\/v2\/pages\/351\/revisions\/3873"}],"up":[{"embeddable":true,"href":"https:\/\/www.frank-gerber.com\/homepage\/wp-json\/wp\/v2\/pages\/4288"}],"wp:attachment":[{"href":"https:\/\/www.frank-gerber.com\/homepage\/wp-json\/wp\/v2\/media?parent=351"}],"curies":[{"name":"wp","href":"https:\/\/api.w.org\/{rel}","templated":true}]}}