{"id":330,"date":"2009-09-21T19:11:34","date_gmt":"2009-09-21T17:11:34","guid":{"rendered":"http:\/\/www.frank-gerber.com\/homepage\/?page_id=330"},"modified":"2017-05-02T17:28:05","modified_gmt":"2017-05-02T15:28:05","slug":"mit-johnny-macht-man-cash","status":"publish","type":"page","link":"https:\/\/www.frank-gerber.com\/homepage\/songtexte\/mit-johnny-macht-man-cash\/","title":{"rendered":"Mit Johnny macht man Cash"},"content":{"rendered":"<p>Er h\u00e4ngt mit der Band auf der B\u00fchne<br \/>\nund l\u00e4dt sie durch, seine Gitarre<br \/>\nUnd sp\u00e4ter backstage:<br \/>\nSo&#8217;n Typ mit fetter Zigarre<br \/>\nmacht einen auf Manager und sagt: Heut ist dein Tag<br \/>\nCongratulation, ich nehm Dich unter Vertrag &#8230;<br \/>\nDer Typ hat voll fett Bling-Bling<br \/>\ntr\u00e4gt \u00b4nen Ring wie der King<br \/>\nund quatscht wie so&#8217;n Gangster<br \/>\nund ist abgewichst wie so&#8217;n Bankster<\/p>\n<p>&#8220; Ey Alter &#8220; , sagt er, &#8220; hier hast noch \u00b4ne Kippe<br \/>\nund spring dem Tod nicht mehr von der Schippe<br \/>\nSauf noch \u00b4n letzten Whisky<br \/>\nKomm wir gehn auf die Piste<br \/>\nUnd dann, Mr. Superstar, dann springst du in die Kiste<br \/>\nUnd deine Hits laufen munter<br \/>\ndann im Radio rauf und runter!<br \/>\nMit toten Stars kann man Kohle machen<br \/>\nund die Erben, die werden sich einen ablachen! &#8220;<br \/>\nDer Typ meint, er wird wie Elvis Millionen Platten verticken<br \/>\nUnd langsam fing der Star an, da voll durchzublicken<br \/>\nUnd er dachte: Alles klar<br \/>\nWas labert der denn da?<br \/>\nAm besten noch den Goldenen Schuss<br \/>\noder \u00b4nen Auto-Crash<br \/>\nOkay, ich hab&#8217;s gecheckt:<br \/>\nNich&#8216; nur mit Johnny macht man Cash &#8230;<\/p>\n<p>Mit Johnny macht man Cash<br \/>\nDie gro\u00dfe Kohle, immer rein in die T\u00e4sch&#8216;<br \/>\nAmy Winehouse, Michael Jackson oder der King &#8211;<br \/>\nspringt \u00b4n Star in die Kiste, wird das \u00b4n Riesending<br \/>\nMit Johnny macht man Cash<br \/>\nDie gro\u00dfe Kohle, immer rein in die T\u00e4sch&#8216;<br \/>\nUnd manche Erben schrei&#8217;n: &#8220; Geil! &#8220;<br \/>\nUnd sie kriegen \u00b4nen Lachflash<br \/>\nNich&#8216; nur mit Johnny macht man Cash<br \/>\nNich&#8216; nur mit Johnny macht man Cash<\/p>\n<p>Der Star hat Kopfkino geguckt:<br \/>\nMann, er st\u00fcrmt posthum die Charts<br \/>\nMilliarden Menschen trauern ab<br \/>\nGanz Deutschland tr\u00e4gt Schwarz<br \/>\nIm Radio l\u00e4uft &#8211; weil&#8217;s pl\u00f6tzlich allen gef\u00e4llt &#8211;<br \/>\nnur noch sein gr\u00f6\u00dfter Hit auf der ganzen Welt<br \/>\nUnd er sieht sie schon vor sich, die Headline in der &#8220; BILD &#8220; :<br \/>\nSEX, DRUGS &amp; ROCK \u00b4N ROLL HABEN IHN GEKILLT!<\/p>\n<p>Der abgefuckte Manager<br \/>\nEr hat so seine Zweifel<br \/>\nMacht der Musiker den Deal mit dem Teufel?<br \/>\nEr gibt ihm \u00b4ne Pumpgun wie Kurt Cobain<br \/>\nund sagt: &#8220; Halt sch\u00f6n den Finger am Abzug! &#8220;<br \/>\nDoch der Star h\u00e4ngt am Leben<br \/>\nwill nich&#8216; den L\u00f6ffel abgeben<br \/>\nund er sagt ganz cool: &#8220; Mach \u00b4n Abflug! &#8220;<\/p>\n<p>Mit Johnny macht man Cash<br \/>\nDie gro\u00dfe Kohle, immer rein in die T\u00e4sch&#8216;<br \/>\nAmy Winehouse, Michael Jackson oder der King &#8211;<br \/>\nspringt \u00b4n Star in die Kiste, wird das \u00b4n Riesending<br \/>\nMit Johnny macht man Cash<br \/>\nDie gro\u00dfe Kohle, immer rein in die T\u00e4sch&#8216;<br \/>\nUnd manche Erben schrei&#8217;n: &#8220; Geil! &#8220;<br \/>\nUnd sie kriegen \u00b4nen Lachflash<br \/>\nNich&#8216; nur mit Johnny macht man Cash<br \/>\nNich&#8216; nur mit Johnny macht man Cash<\/p>\n<p>Mit Johnny macht man Ca$h &#8230;<\/p>\n<p>&nbsp;<\/p>\n","protected":false},"excerpt":{"rendered":"<p>Er h\u00e4ngt mit der Band auf der B\u00fchne und l\u00e4dt sie durch, seine Gitarre Und sp\u00e4ter backstage: So&#8217;n Typ mit fetter Zigarre macht einen auf Manager und sagt: Heut ist dein Tag Congratulation, ich nehm Dich unter Vertrag &#8230; Der Typ hat voll fett Bling-Bling tr\u00e4gt \u00b4nen Ring wie der King und quatscht wie so&#8217;n [&hellip;]<\/p>\n","protected":false},"author":1,"featured_media":0,"parent":29,"menu_order":0,"comment_status":"open","ping_status":"open","template":"tmpl_songtexte.php","meta":{"footnotes":""},"class_list":["post-330","page","type-page","status-publish","hentry"],"_links":{"self":[{"href":"https:\/\/www.frank-gerber.com\/homepage\/wp-json\/wp\/v2\/pages\/330","targetHints":{"allow":["GET"]}}],"collection":[{"href":"https:\/\/www.frank-gerber.com\/homepage\/wp-json\/wp\/v2\/pages"}],"about":[{"href":"https:\/\/www.frank-gerber.com\/homepage\/wp-json\/wp\/v2\/types\/page"}],"author":[{"embeddable":true,"href":"https:\/\/www.frank-gerber.com\/homepage\/wp-json\/wp\/v2\/users\/1"}],"replies":[{"embeddable":true,"href":"https:\/\/www.frank-gerber.com\/homepage\/wp-json\/wp\/v2\/comments?post=330"}],"version-history":[{"count":20,"href":"https:\/\/www.frank-gerber.com\/homepage\/wp-json\/wp\/v2\/pages\/330\/revisions"}],"predecessor-version":[{"id":2824,"href":"https:\/\/www.frank-gerber.com\/homepage\/wp-json\/wp\/v2\/pages\/330\/revisions\/2824"}],"up":[{"embeddable":true,"href":"https:\/\/www.frank-gerber.com\/homepage\/wp-json\/wp\/v2\/pages\/29"}],"wp:attachment":[{"href":"https:\/\/www.frank-gerber.com\/homepage\/wp-json\/wp\/v2\/media?parent=330"}],"curies":[{"name":"wp","href":"https:\/\/api.w.org\/{rel}","templated":true}]}}