{"id":29,"date":"2009-05-31T17:21:45","date_gmt":"2009-05-31T15:21:45","guid":{"rendered":"http:\/\/www.frank-gerber.com\/homepage\/?page_id=29"},"modified":"2017-05-02T19:27:11","modified_gmt":"2017-05-02T17:27:11","slug":"songtexte","status":"publish","type":"page","link":"https:\/\/www.frank-gerber.com\/homepage\/songtexte\/","title":{"rendered":"Songtexte"},"content":{"rendered":"<ul>\n<li><a href=\"mit-Johnny-macht-man-cash\/\">Mit Johnny macht man Cash<\/a><\/li>\n<li><a href=\"die-patin\/\">Die Patin<\/a><\/li>\n<li><a href=\"songtext-1\/\">Pope 4 A Day ( Der Highlige Vater )<\/a><\/li>\n<li><a href=\"songtext-2\/\">Der Jazzsaxophonist<\/a><\/li>\n<li><a href=\"wenn-ich-schon-kurt-cobain-die-hande-schutteln-muss\/\">Wenn Ich Schon Kurt Cobain Die H\u00e4nde Sch\u00fctteln Muss<\/a><\/li>\n<li><a href=\"mein-weg-my-way\/\">Mein Weg (My Way)<\/a><\/li>\n<li><a href=\"selfie-mit-jesus\/\">Selfie mit Jesus<\/a><\/li>\n<li><a href=\"http:\/\/www.frank-gerber.com\/homepage\/songtexte\/lucky-punch\/\">Lucky Punch<\/a><\/li>\n<li><a href=\"http:\/\/www.frank-gerber.com\/homepage\/songtexte\/geht-nich-gibts-fuer-uns-doch-nich\/\">Geht nich&#8216; gibt&#8217;s f\u00fcr uns doch nich&#8216;!<\/a><\/li>\n<li><a href=\"http:\/\/www.frank-gerber.com\/homepage\/songtexte\/club-27\/\">Club 27 (Gedanken eines Rockstars nach dem dritten Glas Whisky)<\/a><\/li>\n<\/ul>\n","protected":false},"excerpt":{"rendered":"<p>Mit Johnny macht man Cash Die Patin Pope 4 A Day ( Der Highlige Vater ) Der Jazzsaxophonist Wenn Ich Schon Kurt Cobain Die H\u00e4nde Sch\u00fctteln Muss Mein Weg (My Way) Selfie mit Jesus Lucky Punch Geht nich&#8216; gibt&#8217;s f\u00fcr uns doch nich&#8216;! Club 27 (Gedanken eines Rockstars nach dem dritten Glas Whisky)<\/p>\n","protected":false},"author":1,"featured_media":0,"parent":0,"menu_order":8,"comment_status":"open","ping_status":"open","template":"tmpl_songtexte.php","meta":{"footnotes":""},"class_list":["post-29","page","type-page","status-publish","hentry"],"_links":{"self":[{"href":"https:\/\/www.frank-gerber.com\/homepage\/wp-json\/wp\/v2\/pages\/29","targetHints":{"allow":["GET"]}}],"collection":[{"href":"https:\/\/www.frank-gerber.com\/homepage\/wp-json\/wp\/v2\/pages"}],"about":[{"href":"https:\/\/www.frank-gerber.com\/homepage\/wp-json\/wp\/v2\/types\/page"}],"author":[{"embeddable":true,"href":"https:\/\/www.frank-gerber.com\/homepage\/wp-json\/wp\/v2\/users\/1"}],"replies":[{"embeddable":true,"href":"https:\/\/www.frank-gerber.com\/homepage\/wp-json\/wp\/v2\/comments?post=29"}],"version-history":[{"count":37,"href":"https:\/\/www.frank-gerber.com\/homepage\/wp-json\/wp\/v2\/pages\/29\/revisions"}],"predecessor-version":[{"id":2822,"href":"https:\/\/www.frank-gerber.com\/homepage\/wp-json\/wp\/v2\/pages\/29\/revisions\/2822"}],"wp:attachment":[{"href":"https:\/\/www.frank-gerber.com\/homepage\/wp-json\/wp\/v2\/media?parent=29"}],"curies":[{"name":"wp","href":"https:\/\/api.w.org\/{rel}","templated":true}]}}