{"id":24,"date":"2009-05-31T17:19:16","date_gmt":"2009-05-31T15:19:16","guid":{"rendered":"http:\/\/www.frank-gerber.com\/homepage\/?page_id=24"},"modified":"2026-04-06T10:37:19","modified_gmt":"2026-04-06T08:37:19","slug":"zitate","status":"publish","type":"page","link":"https:\/\/www.frank-gerber.com\/homepage\/zitate\/","title":{"rendered":"Zitate"},"content":{"rendered":"<h5 style=\"text-align: center;\">Wenn ich schon auf dem Teppich bleiben soll,<br \/>\ndann sollte es auch der rote Teppich sein.<\/h5>\n<h5 style=\"text-align: center;\">Wir haben Millionen User am Start, die der Meinung sind: StarStatement.com Is My Drug. Frank Gerber Is My Dealer!<\/h5>\n<h1 style=\"text-align: center;\">Ich bin selbst mein gr\u00f6\u00dfter Fan.<\/h1>\n<h3 style=\"text-align: center;\">Manche sagen, ich sehe alles<br \/>\ndurch die rosarote Brille.<br \/>\nObwohl ich doch stets schwarze trage.<\/h3>\n<h5 style=\"text-align: center;\">Ein Journalist fragte mich mal in einer Bar in Berlin: &#8220; Was k\u00f6nnen<br \/>\nSie eigentlich? &#8220; Meine Antwort: &#8220; Eine<br \/>\nChampagnerflasche und einen BH aufkriegen! &#8222;<\/h5>\n<h2 style=\"text-align: center;\">Ich war reich und ber\u00fchmt. Reich an schlechten Erfahrungen und ber\u00fchmt f\u00fcr meinen Drogenkonsum.<\/h2>\n<h2 style=\"text-align: center;\">Die Seventies waren &#8217;ne wilde Zeit. Fremdwort mit 5 Buchstaben? Clean! Ich zog alles, au\u00dfer Bilanz.<\/h2>\n<h6 style=\"text-align: center;\">Mein Job ist es, cool zu bleiben!<\/h6>\n<h2 style=\"text-align: center;\">Es macht wenig Sinn, wenn ein Nachtmensch wie ich Tagebuch f\u00fchrt. Darum habe ich das N\u00e4chtebuch erfunden.<\/h2>\n<h5 style=\"text-align: center;\">Ich gestehe:<br \/>\nIch werf&#8216; manchmal<br \/>\neinen Ego-Trip!<\/h5>\n<h5 style=\"text-align: center;\">Mit seinen Fotografien wurden Cindy Crawford, Kate Moss, Linda Evangelista und die kaprizi\u00f6se Britin Naomi Campbell zu Supermodels. Ich bin ein gro\u00dfer Fan von dem deutschen Fotografen Peter Lindbergh. Leider starb dieser geniale Fotograf 2019 in Paris. Aber wenn es nachts drau\u00dfen blitzt, denke ich immer, es ist Peter Lindbergh, der im Himmel weiter fotografiert.<\/h5>\n<h5 style=\"text-align: center;\">Manche Leute finden es cooler, die Nase in Kokain zu stecken, als in fremde Angelegenheiten.<\/h5>\n<h4 style=\"text-align: center;\">Jesus liebt mich,<br \/>\nich mich auch.<\/h4>\n<h6 style=\"text-align: center;\">Ich stamme weder von altem Adel ab, noch bin ich einer dieser braven Protzis, die mit einem &#8220; goldenen L\u00f6ffel im Munde &#8220; geboren wurden. Wohl wegen zahlreicher Kokain-Ger\u00fcchte erz\u00e4hlt man sich, dass ich mit einem &#8220; Silberl\u00f6ffel in der Nase &#8220; geboren wurde.<\/h6>\n<h4 style=\"text-align: center;\">Mein Kopf ist die Traumfabrik.<\/h4>\n<h3 style=\"text-align: center;\">Nach den Sternen greifen muss ich<br \/>\n&#8211; denn dazu sind sie da!<\/h3>\n<p style=\"text-align: center;\"><strong>Ich bin der gr\u00f6\u00dfte Erfinder der Welt,<\/strong><strong>\u00a0denn ich <em>erfinde<\/em> mich immer wieder <em>neu<\/em>. <\/strong><\/p>\n<p style=\"text-align: center;\"><strong>Eines Tages hing ich mal wieder in Los Angeles rum. Freute mich auf die Sonne, aber es regnete in einer Tour. Irgendwie f\u00fchlte sich meine neue Sonnenbrille verarscht.<br \/>\n<\/strong><\/p>\n<h4 style=\"text-align: center;\">Ich bin kein Workaholic. Darling, ich arbeite nicht, ich am\u00fcsiere mich 16 Stunden am Tag. Seit ich 16 bin, mache ich, was ich liebe.<\/h4>\n<h5 style=\"text-align: center;\">Ich schreib&#8216; ja jetzt an so \u00b4nem Buch. Ich bin kein Schriftsteller wie alle anderen. Ich bin der Rockstar unter den Autoren. Ich wollte was machen, was die Leute umhaut. Kein Buch mit Zeigefinger.<br \/>\nEine Biografie mit Mittelfinger!<\/h5>\n<h3 style=\"text-align: center;\">Ich lebe, als w\u00e4r jeder Tag der letzte. Zwischen Todessehnsucht und Lebensgier. Wenn ich schon Kurt Cobain die H\u00e4nde sch\u00fctteln muss, will ich vorher richtig Party bis zum Schluss &#8230;<\/h3>\n<h2 style=\"text-align: center;\">Gott sei Frank!<\/h2>\n<h6 style=\"text-align: center;\">In den letzten Jahren hatte ich fast nur One-Day-Stands. Nachts bin ich ja immer unterwegs.<\/h6>\n<h5 style=\"text-align: center;\">Man nennt mich den Vampir der Liebe. Manche Ladies sind aber auch zum Anbei\u00dfen s\u00fc\u00df! Gibt ja auch diesen Spruch: Only a vampire can love you forever &#8230;.<\/h5>\n<h3 style=\"text-align: center;\">Verdammt, ich lieb&#8216; mich!<\/h3>\n<h3 style=\"text-align: center;\">Braucht eine Marke ein Logo? Logo! Eine Company ohne Logo, ist f\u00fcr mich ein absolutes No go! Meine Zukunft steht unter guten Sternen: Unter den 5 guten Sternen im Logo von Star Statement!<\/h3>\n<h1 style=\"text-align: center;\">Von Koks hab&#8216; ich die Nase voll!<\/h1>\n<h1 style=\"text-align: center;\">Star Statement ist Weltcoolturerbe!<\/h1>\n<h4 style=\"text-align: center;\">Meine gro\u00dfe Klappe gilt in Deutschland schon als unerlaubter Waffenbesitz!<\/h4>\n<h4 style=\"text-align: center;\">Frank Gerber und Gott? Beziehungsstatus: Es ist kompliziert!<\/h4>\n<h4 style=\"text-align: center;\">Hotel Atlantic Hamburg: Das Hotel an der Alster kenne ich schon allein durch Udo Lindenberg sehr gut, weil wir zwei dort unz\u00e4hlige N\u00e4chte zusammen an Songtexten rumgeschrieben haben. Ich bin echt schon zig-tausendmal durch die ber\u00fchmte gl\u00e4serne Dreht\u00fcr gegangen: So langsam hab ich den <em>Dreh<\/em> raus!<\/h4>\n<h1 style=\"text-align: center;\">Die G\u00f6tter gaben das Okay, der Olymp ist jetzt auch mein Zuhause.<\/h1>\n","protected":false},"excerpt":{"rendered":"<p>Wenn ich schon auf dem Teppich bleiben soll, dann sollte es auch der rote Teppich sein. Wir haben Millionen User am Start, die der Meinung sind: StarStatement.com Is My Drug. Frank Gerber Is My Dealer! Ich bin selbst mein gr\u00f6\u00dfter Fan. Manche sagen, ich sehe alles durch die rosarote Brille. Obwohl ich doch stets schwarze [&hellip;]<\/p>\n","protected":false},"author":1,"featured_media":0,"parent":0,"menu_order":6,"comment_status":"open","ping_status":"open","template":"tmpl_zitate.php","meta":{"footnotes":""},"class_list":["post-24","page","type-page","status-publish","hentry"],"_links":{"self":[{"href":"https:\/\/www.frank-gerber.com\/homepage\/wp-json\/wp\/v2\/pages\/24","targetHints":{"allow":["GET"]}}],"collection":[{"href":"https:\/\/www.frank-gerber.com\/homepage\/wp-json\/wp\/v2\/pages"}],"about":[{"href":"https:\/\/www.frank-gerber.com\/homepage\/wp-json\/wp\/v2\/types\/page"}],"author":[{"embeddable":true,"href":"https:\/\/www.frank-gerber.com\/homepage\/wp-json\/wp\/v2\/users\/1"}],"replies":[{"embeddable":true,"href":"https:\/\/www.frank-gerber.com\/homepage\/wp-json\/wp\/v2\/comments?post=24"}],"version-history":[{"count":30,"href":"https:\/\/www.frank-gerber.com\/homepage\/wp-json\/wp\/v2\/pages\/24\/revisions"}],"predecessor-version":[{"id":4778,"href":"https:\/\/www.frank-gerber.com\/homepage\/wp-json\/wp\/v2\/pages\/24\/revisions\/4778"}],"wp:attachment":[{"href":"https:\/\/www.frank-gerber.com\/homepage\/wp-json\/wp\/v2\/media?parent=24"}],"curies":[{"name":"wp","href":"https:\/\/api.w.org\/{rel}","templated":true}]}}